{"id":21,"date":"2016-02-12T08:10:47","date_gmt":"2016-02-12T08:10:47","guid":{"rendered":"http:\/\/demos.famethemes.com\/onepress\/?page_id=21"},"modified":"2026-04-09T15:38:17","modified_gmt":"2026-04-09T13:38:17","slug":"apprentissage","status":"publish","type":"page","link":"https:\/\/ufa.saintjosephbelfort.fr\/index.php\/apprentissage\/","title":{"rendered":"Nos formations en apprentissage"},"content":{"rendered":"<p>Les formations suivantes peuvent \u00eatre r\u00e9alis\u00e9es\u00a0<strong>par voie d&rsquo;apprentissage ou par voie scolaire<\/strong>\u00a0:<\/p>\n<ul>\n<li>Bac Pro MCV option A<\/li>\n<li>Bac Pro M\u00e9tiers de l&rsquo;Accueil<\/li>\n<li>Bac Pro AGOrA<\/li>\n<\/ul>\n<p>Le certificat de sp\u00e9cialisation se r\u00e9alise <strong>en alternance uniquement<\/strong>.<\/p>\n<p>Pour plus d\u2019infos sur l\u2019alternance dans notre lyc\u00e9e merci de contacter par mail :\u00a0<strong>apprentissage@saintjosephbelfort.fr<\/strong><\/p>\n<p>Liens pratiques :<\/p>\n<ul>\n<li style=\"list-style-type: none;\">\n<ul>\n<li><a href=\"https:\/\/www.alternance.emploi.gouv.fr\/accueil\">Tout savoir sur l\u2019alternance<\/a><\/li>\n<li><a href=\"https:\/\/www.service-public.fr\/particuliers\/vosdroits\/F2918\">Tout savoir sur le contrat d\u2019apprentissage<\/a><\/li>\n<li><a href=\"https:\/\/ufa.saintjosephbelfort.fr\/wp-content\/uploads\/2026\/04\/Livret_Rechercher-contrat-alternance-BFC.pdf\">Tout savoir sur la recherche d&rsquo;entreprise<\/a><\/li>\n<\/ul>\n<\/li>\n<\/ul>\n<p>Nos diff\u00e9rentes formations :<\/p>\n<p>Cliquer sur les fiches pour zoomer\u2026<\/p>\n\n\n<p><strong>CS Vendeur Conseil en Alimentation<\/strong><\/p>\n\n\n\n<figure class=\"wp-block-image size-large\"><img loading=\"lazy\" decoding=\"async\" width=\"725\" height=\"1024\" src=\"https:\/\/ufa.saintjosephbelfort.fr\/wp-content\/uploads\/2026\/04\/CS_VENDEUR_page-0001-2-725x1024.jpg\" alt=\"\" class=\"wp-image-1892\" srcset=\"https:\/\/ufa.saintjosephbelfort.fr\/wp-content\/uploads\/2026\/04\/CS_VENDEUR_page-0001-2-725x1024.jpg 725w, https:\/\/ufa.saintjosephbelfort.fr\/wp-content\/uploads\/2026\/04\/CS_VENDEUR_page-0001-2-212x300.jpg 212w, https:\/\/ufa.saintjosephbelfort.fr\/wp-content\/uploads\/2026\/04\/CS_VENDEUR_page-0001-2-768x1085.jpg 768w, https:\/\/ufa.saintjosephbelfort.fr\/wp-content\/uploads\/2026\/04\/CS_VENDEUR_page-0001-2-1087x1536.jpg 1087w, https:\/\/ufa.saintjosephbelfort.fr\/wp-content\/uploads\/2026\/04\/CS_VENDEUR_page-0001-2.jpg 1241w\" sizes=\"auto, (max-width: 725px) 100vw, 725px\" \/><\/figure>\n\n\n\n<figure class=\"wp-block-image size-large\"><img loading=\"lazy\" decoding=\"async\" width=\"725\" height=\"1024\" src=\"https:\/\/ufa.saintjosephbelfort.fr\/wp-content\/uploads\/2026\/04\/CS_VENDEUR_page-0002-1-725x1024.jpg\" alt=\"\" class=\"wp-image-1893\" srcset=\"https:\/\/ufa.saintjosephbelfort.fr\/wp-content\/uploads\/2026\/04\/CS_VENDEUR_page-0002-1-725x1024.jpg 725w, https:\/\/ufa.saintjosephbelfort.fr\/wp-content\/uploads\/2026\/04\/CS_VENDEUR_page-0002-1-212x300.jpg 212w, https:\/\/ufa.saintjosephbelfort.fr\/wp-content\/uploads\/2026\/04\/CS_VENDEUR_page-0002-1-768x1085.jpg 768w, https:\/\/ufa.saintjosephbelfort.fr\/wp-content\/uploads\/2026\/04\/CS_VENDEUR_page-0002-1-1087x1536.jpg 1087w, https:\/\/ufa.saintjosephbelfort.fr\/wp-content\/uploads\/2026\/04\/CS_VENDEUR_page-0002-1.jpg 1241w\" sizes=\"auto, (max-width: 725px) 100vw, 725px\" \/><\/figure>\n\n\n\n<p><strong>Bac Pro M\u00e9tiers de l&rsquo;Accueil<\/strong><\/p>\n\n\n\n<figure class=\"wp-block-image size-large\"><img loading=\"lazy\" decoding=\"async\" width=\"725\" height=\"1024\" src=\"https:\/\/ufa.saintjosephbelfort.fr\/wp-content\/uploads\/2026\/04\/BAC_PRO_MA_page-0001-1-725x1024.jpg\" alt=\"\" class=\"wp-image-1898\" srcset=\"https:\/\/ufa.saintjosephbelfort.fr\/wp-content\/uploads\/2026\/04\/BAC_PRO_MA_page-0001-1-725x1024.jpg 725w, https:\/\/ufa.saintjosephbelfort.fr\/wp-content\/uploads\/2026\/04\/BAC_PRO_MA_page-0001-1-212x300.jpg 212w, https:\/\/ufa.saintjosephbelfort.fr\/wp-content\/uploads\/2026\/04\/BAC_PRO_MA_page-0001-1-768x1085.jpg 768w, https:\/\/ufa.saintjosephbelfort.fr\/wp-content\/uploads\/2026\/04\/BAC_PRO_MA_page-0001-1-1087x1536.jpg 1087w, https:\/\/ufa.saintjosephbelfort.fr\/wp-content\/uploads\/2026\/04\/BAC_PRO_MA_page-0001-1.jpg 1241w\" sizes=\"auto, (max-width: 725px) 100vw, 725px\" \/><\/figure>\n\n\n\n<figure class=\"wp-block-image size-large\"><img loading=\"lazy\" decoding=\"async\" width=\"725\" height=\"1024\" src=\"https:\/\/ufa.saintjosephbelfort.fr\/wp-content\/uploads\/2026\/04\/BAC_PRO_MA_page-0002-725x1024.jpg\" alt=\"\" class=\"wp-image-1895\" srcset=\"https:\/\/ufa.saintjosephbelfort.fr\/wp-content\/uploads\/2026\/04\/BAC_PRO_MA_page-0002-725x1024.jpg 725w, https:\/\/ufa.saintjosephbelfort.fr\/wp-content\/uploads\/2026\/04\/BAC_PRO_MA_page-0002-212x300.jpg 212w, https:\/\/ufa.saintjosephbelfort.fr\/wp-content\/uploads\/2026\/04\/BAC_PRO_MA_page-0002-768x1085.jpg 768w, https:\/\/ufa.saintjosephbelfort.fr\/wp-content\/uploads\/2026\/04\/BAC_PRO_MA_page-0002-1087x1536.jpg 1087w, https:\/\/ufa.saintjosephbelfort.fr\/wp-content\/uploads\/2026\/04\/BAC_PRO_MA_page-0002.jpg 1241w\" sizes=\"auto, (max-width: 725px) 100vw, 725px\" \/><\/figure>\n\n\n\n<p><strong>Bac Pro M\u00e9tiers du Commerce et de la Vente optionA<\/strong><\/p>\n\n\n\n<figure class=\"wp-block-image size-large\"><img loading=\"lazy\" decoding=\"async\" width=\"725\" height=\"1024\" src=\"https:\/\/ufa.saintjosephbelfort.fr\/wp-content\/uploads\/2026\/04\/BAC_PRO_MCV_A_page-0001-725x1024.jpg\" alt=\"\" class=\"wp-image-1896\" srcset=\"https:\/\/ufa.saintjosephbelfort.fr\/wp-content\/uploads\/2026\/04\/BAC_PRO_MCV_A_page-0001-725x1024.jpg 725w, https:\/\/ufa.saintjosephbelfort.fr\/wp-content\/uploads\/2026\/04\/BAC_PRO_MCV_A_page-0001-212x300.jpg 212w, https:\/\/ufa.saintjosephbelfort.fr\/wp-content\/uploads\/2026\/04\/BAC_PRO_MCV_A_page-0001-768x1085.jpg 768w, https:\/\/ufa.saintjosephbelfort.fr\/wp-content\/uploads\/2026\/04\/BAC_PRO_MCV_A_page-0001-1087x1536.jpg 1087w, https:\/\/ufa.saintjosephbelfort.fr\/wp-content\/uploads\/2026\/04\/BAC_PRO_MCV_A_page-0001.jpg 1241w\" sizes=\"auto, (max-width: 725px) 100vw, 725px\" \/><\/figure>\n\n\n\n<figure class=\"wp-block-image size-large\"><img loading=\"lazy\" decoding=\"async\" width=\"725\" height=\"1024\" src=\"https:\/\/ufa.saintjosephbelfort.fr\/wp-content\/uploads\/2026\/04\/BAC_PRO_MCV_A_page-0002-725x1024.jpg\" alt=\"\" class=\"wp-image-1897\" srcset=\"https:\/\/ufa.saintjosephbelfort.fr\/wp-content\/uploads\/2026\/04\/BAC_PRO_MCV_A_page-0002-725x1024.jpg 725w, https:\/\/ufa.saintjosephbelfort.fr\/wp-content\/uploads\/2026\/04\/BAC_PRO_MCV_A_page-0002-212x300.jpg 212w, https:\/\/ufa.saintjosephbelfort.fr\/wp-content\/uploads\/2026\/04\/BAC_PRO_MCV_A_page-0002-768x1085.jpg 768w, https:\/\/ufa.saintjosephbelfort.fr\/wp-content\/uploads\/2026\/04\/BAC_PRO_MCV_A_page-0002-1087x1536.jpg 1087w, https:\/\/ufa.saintjosephbelfort.fr\/wp-content\/uploads\/2026\/04\/BAC_PRO_MCV_A_page-0002.jpg 1241w\" sizes=\"auto, (max-width: 725px) 100vw, 725px\" \/><\/figure>\n\n\n\n<p><strong>Bac Pro Assistance \u00e0 la Gestion des Organisations et de leurs Activit\u00e9s (AGORA)<\/strong><\/p>\n\n\n\n<figure class=\"wp-block-image size-large\"><img loading=\"lazy\" decoding=\"async\" width=\"725\" height=\"1024\" src=\"https:\/\/ufa.saintjosephbelfort.fr\/wp-content\/uploads\/2026\/04\/BAC_PRO_AGORA_page-0001-725x1024.jpg\" alt=\"\" class=\"wp-image-1899\" srcset=\"https:\/\/ufa.saintjosephbelfort.fr\/wp-content\/uploads\/2026\/04\/BAC_PRO_AGORA_page-0001-725x1024.jpg 725w, https:\/\/ufa.saintjosephbelfort.fr\/wp-content\/uploads\/2026\/04\/BAC_PRO_AGORA_page-0001-212x300.jpg 212w, https:\/\/ufa.saintjosephbelfort.fr\/wp-content\/uploads\/2026\/04\/BAC_PRO_AGORA_page-0001-768x1085.jpg 768w, https:\/\/ufa.saintjosephbelfort.fr\/wp-content\/uploads\/2026\/04\/BAC_PRO_AGORA_page-0001-1087x1536.jpg 1087w, https:\/\/ufa.saintjosephbelfort.fr\/wp-content\/uploads\/2026\/04\/BAC_PRO_AGORA_page-0001.jpg 1241w\" sizes=\"auto, (max-width: 725px) 100vw, 725px\" \/><\/figure>\n\n\n\n<figure class=\"wp-block-image size-large\"><img loading=\"lazy\" decoding=\"async\" width=\"725\" height=\"1024\" src=\"https:\/\/ufa.saintjosephbelfort.fr\/wp-content\/uploads\/2026\/04\/BAC_PRO_AGORA_page-0002-725x1024.jpg\" alt=\"\" class=\"wp-image-1900\" srcset=\"https:\/\/ufa.saintjosephbelfort.fr\/wp-content\/uploads\/2026\/04\/BAC_PRO_AGORA_page-0002-725x1024.jpg 725w, https:\/\/ufa.saintjosephbelfort.fr\/wp-content\/uploads\/2026\/04\/BAC_PRO_AGORA_page-0002-212x300.jpg 212w, https:\/\/ufa.saintjosephbelfort.fr\/wp-content\/uploads\/2026\/04\/BAC_PRO_AGORA_page-0002-768x1085.jpg 768w, https:\/\/ufa.saintjosephbelfort.fr\/wp-content\/uploads\/2026\/04\/BAC_PRO_AGORA_page-0002-1087x1536.jpg 1087w, https:\/\/ufa.saintjosephbelfort.fr\/wp-content\/uploads\/2026\/04\/BAC_PRO_AGORA_page-0002.jpg 1241w\" sizes=\"auto, (max-width: 725px) 100vw, 725px\" \/><\/figure>\n","protected":false},"excerpt":{"rendered":"<p>Nullam ut tempor eros. Donec faucibus, velit et imperdiet aliquam, lacus velit luctus urna, vitae porttitor orci libero id felis.<\/p>\n","protected":false},"author":1,"featured_media":19,"parent":0,"menu_order":0,"comment_status":"closed","ping_status":"closed","template":"template-fullwidth.php","meta":{"footnotes":""},"class_list":["post-21","page","type-page","status-publish","has-post-thumbnail","hentry"],"_links":{"self":[{"href":"https:\/\/ufa.saintjosephbelfort.fr\/index.php\/wp-json\/wp\/v2\/pages\/21","targetHints":{"allow":["GET"]}}],"collection":[{"href":"https:\/\/ufa.saintjosephbelfort.fr\/index.php\/wp-json\/wp\/v2\/pages"}],"about":[{"href":"https:\/\/ufa.saintjosephbelfort.fr\/index.php\/wp-json\/wp\/v2\/types\/page"}],"author":[{"embeddable":true,"href":"https:\/\/ufa.saintjosephbelfort.fr\/index.php\/wp-json\/wp\/v2\/users\/1"}],"replies":[{"embeddable":true,"href":"https:\/\/ufa.saintjosephbelfort.fr\/index.php\/wp-json\/wp\/v2\/comments?post=21"}],"version-history":[{"count":7,"href":"https:\/\/ufa.saintjosephbelfort.fr\/index.php\/wp-json\/wp\/v2\/pages\/21\/revisions"}],"predecessor-version":[{"id":1952,"href":"https:\/\/ufa.saintjosephbelfort.fr\/index.php\/wp-json\/wp\/v2\/pages\/21\/revisions\/1952"}],"wp:featuredmedia":[{"embeddable":true,"href":"https:\/\/ufa.saintjosephbelfort.fr\/index.php\/wp-json\/wp\/v2\/media\/19"}],"wp:attachment":[{"href":"https:\/\/ufa.saintjosephbelfort.fr\/index.php\/wp-json\/wp\/v2\/media?parent=21"}],"curies":[{"name":"wp","href":"https:\/\/api.w.org\/{rel}","templated":true}]}}